{"id":34,"date":"2023-10-14T06:48:27","date_gmt":"2023-10-14T06:48:27","guid":{"rendered":"https:\/\/www.schweden-kafi.ch\/?page_id=34"},"modified":"2025-02-16T08:33:18","modified_gmt":"2025-02-16T08:33:18","slug":"vaelkommen","status":"publish","type":"page","link":"https:\/\/www.schweden-kafi.ch\/","title":{"rendered":"V\u00e4lkommen"},"content":{"rendered":"<h1 style=\"\">V\u00e4lkommen &#8211; Willkommenim Schweden-Kafidas B&amp;B mit Herz<\/h1>\n<h2 style=\"text-align: center;\">was erwartet dich bei uns?<\/h2>\n<p><span><img decoding=\"async\" alt=\"\" data-id=\"38\" data-init-width=\"1052\" data-init-height=\"789\" title=\"wohnzimmer\" loading=\"lazy\" src=\"https:\/\/www.schweden-kafi.ch\/wp-content\/uploads\/2023\/10\/wohnzimmer.png\" data-width=\"450\" data-height=\"337\" style=\"aspect-ratio: auto 1052 \/ 789;\" width=\"450\" height=\"337\"><\/span><\/p>\n<h6 style=\"\">wohnzimmer\/fr\u00fchst\u00fccksraum<\/h6>\n<p style=\"\">Der Schweden-Ofen trifft auf IKEA-Ingolf. Auf dem HEMNES-Bettsofa lesen sich die Krimis von VIVECA STEN besonders bequem. Das kleine Tischlicht im Fenster verbreitet ein angenehmes Gef\u00fchl von HYGGE.Infos zum Schlafzimmer und zum Bad folgen.<\/p>\n<h6 style=\"\">k\u00fcche<\/h6>\n<p style=\"\">In der kleinen K\u00fcche zauberst du vom Snack bis zum 5-Gang-Men\u00fc alles, was dein Herz begehrt. Folgende Helfer stehen dir dabei zur Verf\u00fcgung:<\/p>\n<ul>\n<li style=\"\">Kaffee-Maschine<\/li>\n<li style=\"\">Wasserkocher<\/li>\n<li style=\"\">Milchsch\u00e4umer<\/li>\n<li style=\"\">Toaster<\/li>\n<li style=\"\">Mikrowelle<\/li>\n<li style=\"\">Eierkocher<\/li>\n<li style=\"\">K\u00fchlschrank<\/li>\n<li style=\"\">Abwaschmaschine<\/li>\n<li style=\"\">Glaskeramikherd<\/li>\n<li style=\"\">Dunstabzug<\/li>\n<li style=\"\">Backofen<\/li>\n<\/ul>\n<p><span><img decoding=\"async\" alt=\"\" data-id=\"43\" data-init-width=\"789\" data-init-height=\"1052\" title=\"kueche\" loading=\"lazy\" src=\"https:\/\/www.schweden-kafi.ch\/wp-content\/uploads\/2023\/10\/kueche.png\" data-width=\"450\" data-height=\"600\" style=\"aspect-ratio: auto 789 \/ 1052;\" width=\"450\" height=\"600\"><\/span><span><img decoding=\"async\" alt=\"\" data-id=\"47\" data-init-width=\"1052\" data-init-height=\"701\" title=\"bibliothek\" loading=\"lazy\" src=\"https:\/\/www.schweden-kafi.ch\/wp-content\/uploads\/2023\/10\/bibliothek.png\" data-width=\"450\" data-height=\"337\" style=\"aspect-ratio: auto 1052 \/ 701;\" width=\"450\" height=\"337\"><\/span><\/p>\n<h6 style=\"\">nordische bibliothek\/lesezimmer<\/h6>\n<p style=\"\">Hier findest du vorwiegend Krimis aus Schweden\/den nordischen L\u00e4ndern. In der Leseecke geniesst du die Stille des Raums.<\/p>\n<p style=\"\">Hier l\u00e4sst es sich f\u00fcr die Kleinsten im Kinderbett bestens schlafen.<\/p>\n<h2 style=\"text-align: center;\">Preis pro Nacht<\/h2>\n<p style=\"text-align: center;\">inkl. Fr\u00fchst\u00fcck + G\u00e4stekarte PanoramaCard Thunersee<\/p>\n<h4 style=\"\" data-hide=\"true\">1 Person<\/h4>\n<p style=\"\">CHF 74.00&nbsp;<\/p>\n<h4 data-hide=\"true\" style=\"\">2 personen<\/h4>\n<p style=\"line-height: 1.75em !important;\">CHF 112.00<\/p>\n<p><!--! Font Awesome Free 6.7.1 by @fontawesome - https:\/\/fontawesome.com License - https:\/\/fontawesome.com\/license\/free (Icons: CC BY 4.0, Fonts: SIL OFL 1.1, Code: MIT License) Copyright 2024 Fonticons, Inc. --><\/p>\n<h4 data-hide=\"true\" style=\"\">hunde<\/h4>\n<p style=\"line-height: 1.75em !important;\">gratis<\/p>\n<h3 style=\"text-align: left;\">So erreichst du uns<\/h3>\n<p><a href=\"\" target=\"_blank\" rel=\"nofollow noopener\" data-dynamic-link=\"thrive_global_fields_url\" data-shortcode-id=\"fb\" data-id=\"icon-facebook\"><span style=\"\"><\/span><\/a><a href=\"\" target=\"_blank\" rel=\"nofollow noopener\" data-dynamic-link=\"thrive_global_fields_url\" data-shortcode-id=\"yt\" data-id=\"icon-youtube\"><span style=\"\"><\/span><\/a><a href=\"\" target=\"_blank\" rel=\"nofollow noopener\" data-dynamic-link=\"thrive_global_fields_url\" data-shortcode-id=\"in\" data-id=\"icon-linkedin\"><span style=\"\"><\/span><\/a><a href=\"\" target=\"_blank\" rel=\"nofollow noopener\" data-dynamic-link=\"thrive_global_fields_url\" data-shortcode-id=\"ig\" data-id=\"icon-instagram\"><span style=\"\"><\/span><\/a><\/p>\n<p style=\"\">CHECk-In und check-OUT<\/p>\n<p style=\"\">ab 14:00 Uhr Check-Inbis 11:00 Uhr Check-Out<\/p>\n<p style=\"\">Ort<\/p>\n<p style=\"\"><span data-attr-id=\"2\" data-attr-multiline=\"0\" data-extra_key=\"1\" data-option-inline=\"1\" data-shortcode=\"thrive_global_fields\" data-shortcode-name=\"[Company] Address\">Schweden-Kafi<\/span>Simmentalstrasse 173647 Reutigen &#8211; CH<\/p>\n<p style=\"\">Kontakt<\/p>\n<p style=\"\">+41 (0)79 251 34 57<a href=\"mailto:hej@schweden-kafi.ch\" target=\"_blank\" style=\"outline: none;\">hej@schweden-kafi.ch<\/a><\/p>\n","protected":false},"excerpt":{"rendered":"<p>V\u00e4lkommen &#8211; Willkommenim Schweden-Kafidas B&amp;B mit Herz was erwartet dich bei uns? wohnzimmer\/fr\u00fchst\u00fccksraum Der Schweden-Ofen trifft auf IKEA-Ingolf. Auf dem HEMNES-Bettsofa lesen sich die Krimis von VIVECA STEN besonders bequem. Das kleine Tischlicht im Fenster verbreitet ein angenehmes Gef\u00fchl von HYGGE.Infos zum Schlafzimmer und zum Bad folgen. k\u00fcche In der kleinen K\u00fcche zauberst du vom [&hellip;]<\/p>\n","protected":false},"author":1,"featured_media":0,"parent":0,"menu_order":0,"comment_status":"closed","ping_status":"closed","template":"","meta":{"footnotes":""},"class_list":["post-34","page","type-page","status-publish","hentry"],"_links":{"self":[{"href":"https:\/\/www.schweden-kafi.ch\/index.php\/wp-json\/wp\/v2\/pages\/34","targetHints":{"allow":["GET"]}}],"collection":[{"href":"https:\/\/www.schweden-kafi.ch\/index.php\/wp-json\/wp\/v2\/pages"}],"about":[{"href":"https:\/\/www.schweden-kafi.ch\/index.php\/wp-json\/wp\/v2\/types\/page"}],"author":[{"embeddable":true,"href":"https:\/\/www.schweden-kafi.ch\/index.php\/wp-json\/wp\/v2\/users\/1"}],"replies":[{"embeddable":true,"href":"https:\/\/www.schweden-kafi.ch\/index.php\/wp-json\/wp\/v2\/comments?post=34"}],"version-history":[{"count":16,"href":"https:\/\/www.schweden-kafi.ch\/index.php\/wp-json\/wp\/v2\/pages\/34\/revisions"}],"predecessor-version":[{"id":148,"href":"https:\/\/www.schweden-kafi.ch\/index.php\/wp-json\/wp\/v2\/pages\/34\/revisions\/148"}],"wp:attachment":[{"href":"https:\/\/www.schweden-kafi.ch\/index.php\/wp-json\/wp\/v2\/media?parent=34"}],"curies":[{"name":"wp","href":"https:\/\/api.w.org\/{rel}","templated":true}]}}